{"id":391,"date":"2024-12-26T09:50:29","date_gmt":"2024-12-26T09:50:29","guid":{"rendered":"http:\/\/localhost\/wordpress\/?post_type=product&#038;p=391"},"modified":"2025-10-10T15:26:33","modified_gmt":"2025-10-10T08:26:33","slug":"tay-long-may-giat","status":"publish","type":"product","link":"https:\/\/hoachatbachkhoa.com\/?product=tay-long-may-giat","title":{"rendered":"T\u1ea9y l\u1ed3ng m\u00e1y gi\u1eb7t"},"content":{"rendered":"<p>Nhi\u1ec1u ng\u01b0\u1eddi trong ch\u00fang ta th\u01b0\u1eddng ngh\u0129 m\u00e1y gi\u1eb7t th\u01b0\u1eddng ch\u1ec9 s\u1eed d\u1ee5ng \u0111\u1ec3 gi\u1eb7t qu\u1ea7n \u00e1o n\u00ean r\u1ea5t s\u1ea1ch s\u1ebd. Tuy nhi\u00ean, b\u1ee5i t\u1eeb x\u01a1 v\u1ea3i, l\u00f4ng v\u00e0 b\u1ee5i b\u1ea9n b\u00e1m v\u00e0o qu\u1ea7n \u00e1o v\u1eabn c\u00f3 th\u1ec3 m\u1eafc l\u1ea1i trong l\u1ed3ng m\u00e1y gi\u1eb7t. Khi\u1ebfn m\u00e1y gi\u1eb7t c\u1ee7a b\u1ea1n ho\u1ea1t \u0111\u1ed9ng kh\u00f4ng hi\u1ec7u qu\u1ea3. L\u00e0m \u0111\u1ed3 gi\u1eb7t xong tr\u1edf n\u00ean nh\u00e0u nh\u0129, kh\u00f4ng c\u00f2n m\u1edbi m\u1ebb nh\u01b0 ban \u0111\u1ea7u. Th\u1eadm ch\u00ed c\u00f2n c\u00f3 m\u00f9i h\u00f4i b\u00e1m v\u00e0o v\u1ea3i khi\u1ebfn b\u1ea1n v\u00f4 c\u00f9ng kh\u00f3 ch\u1ecbu.<\/p>\n<div class=\"tab-panels\">\n<div id=\"tab-description\" class=\"woocommerce-Tabs-panel woocommerce-Tabs-panel--description panel entry-content active\" role=\"tabpanel\" aria-labelledby=\"tab-title-description\">\n<p>Theo l\u1eddi khuy\u00ean c\u1ee7a c\u00e1c chuy\u00ean gia, sau 1 th\u1eddi gian s\u1eed d\u1ee5ng th\u00ec b\u1ea1n c\u1ea7n v\u1ec7 sinh m\u00e1y gi\u1eb7t. T\u1ed1t nh\u1ea5t n\u00ean v\u1ec7 sinh 1 th\u00e1ng\/l\u1ea7n v\u1edbi n\u01b0\u1edbc t\u1ea9y l\u1ed3ng m\u00e1y gi\u1eb7t chuy\u00ean d\u1ee5ng c\u1ee7a Nh\u1eadt B\u1ea3n. V\u1edbi kh\u1ea3 n\u0103ng qu\u00e9t s\u1ea1ch b\u1ee5i b\u1ea9n v\u01b0\u1ee3t tr\u1ed9i, n\u01b0\u1edbc t\u1ea9y m\u00e1y gi\u1eb7t s\u1ebd gi\u00fap m\u00e1y gi\u1eb7t nh\u00e0 b\u1ea1n tr\u1edf v\u1ec1 tr\u1ea1ng th\u00e1i t\u1ed1t nh\u1ea5t.<\/p>\n<\/div>\n<\/div>\n","protected":false},"excerpt":{"rendered":"<div class=\"product-short-description\">\n<p>N\u01b0\u1edbc t\u1ea9y l\u1ed3ng m\u00e1y gi\u1eb7t Nh\u1eadt B\u1ea3n gi\u00fap t\u1ea9y s\u1ea1ch c\u1eb7n b\u1ea9n, v\u1ea3i th\u1eeba, b\u1ed9t v\u1ea3i qu\u1ea7n \u00e1o trong m\u00e1y gi\u1eb7t, gi\u00fap m\u00e1y gi\u1eb7t nh\u00e0 b\u1ea1n ho\u1ea1t \u0111\u1ed9ng t\u1ed1t h\u01a1n.<\/p>\n<\/div>\n","protected":false},"featured_media":392,"comment_status":"open","ping_status":"closed","template":"","meta":[],"product_cat":[21],"product_tag":[30,42],"class_list":{"0":"post-391","1":"product","2":"type-product","3":"status-publish","4":"has-post-thumbnail","6":"product_cat-tay-bon-cau","7":"product_tag-midori","8":"product_tag-tay-long","10":"first","11":"instock","12":"shipping-taxable","13":"product-type-simple"},"_links":{"self":[{"href":"https:\/\/hoachatbachkhoa.com\/index.php?rest_route=\/wp\/v2\/product\/391","targetHints":{"allow":["GET"]}}],"collection":[{"href":"https:\/\/hoachatbachkhoa.com\/index.php?rest_route=\/wp\/v2\/product"}],"about":[{"href":"https:\/\/hoachatbachkhoa.com\/index.php?rest_route=\/wp\/v2\/types\/product"}],"replies":[{"embeddable":true,"href":"https:\/\/hoachatbachkhoa.com\/index.php?rest_route=%2Fwp%2Fv2%2Fcomments&post=391"}],"wp:featuredmedia":[{"embeddable":true,"href":"https:\/\/hoachatbachkhoa.com\/index.php?rest_route=\/wp\/v2\/media\/392"}],"wp:attachment":[{"href":"https:\/\/hoachatbachkhoa.com\/index.php?rest_route=%2Fwp%2Fv2%2Fmedia&parent=391"}],"wp:term":[{"taxonomy":"product_cat","embeddable":true,"href":"https:\/\/hoachatbachkhoa.com\/index.php?rest_route=%2Fwp%2Fv2%2Fproduct_cat&post=391"},{"taxonomy":"product_tag","embeddable":true,"href":"https:\/\/hoachatbachkhoa.com\/index.php?rest_route=%2Fwp%2Fv2%2Fproduct_tag&post=391"}],"curies":[{"name":"wp","href":"https:\/\/api.w.org\/{rel}","templated":true}]}}