{"id":389,"date":"2024-12-26T09:44:38","date_gmt":"2024-12-26T09:44:38","guid":{"rendered":"http:\/\/localhost\/wordpress\/?post_type=product&#038;p=389"},"modified":"2025-06-20T02:04:54","modified_gmt":"2025-06-19T19:04:54","slug":"nuoc-tay-bon-cau-midori-1l","status":"publish","type":"product","link":"https:\/\/hoachatbachkhoa.com\/?product=nuoc-tay-bon-cau-midori-1l","title":{"rendered":"N\u01b0\u1edbc t\u1ea9y b\u1ed3n c\u1ea7u Midori 1L"},"content":{"rendered":"<p><strong>N\u01b0\u1edbc T\u1ea9y Toilet Midori\u00a0 S\u00e1ng B\u00f3ng (1000ml)<\/strong><\/p>\n<p><strong>Th\u00f4ng tin s\u1ea3n ph\u1ea9m<\/strong><\/p>\n<table width=\"634\">\n<tbody>\n<tr>\n<td width=\"218\">Th\u01b0\u01a1ng hi\u1ec7u<\/td>\n<td width=\"424\">Midori<\/td>\n<\/tr>\n<tr>\n<td width=\"218\">Xu\u1ea5t x\u1ee9<\/td>\n<td width=\"424\">Vi\u1ec7t Nam<\/td>\n<\/tr>\n<tr>\n<td width=\"218\">Dung t\u00edch<\/td>\n<td width=\"424\">1000ml<\/td>\n<\/tr>\n<tr>\n<td width=\"218\"><\/td>\n<td width=\"424\"><\/td>\n<\/tr>\n<\/tbody>\n<\/table>\n<p><strong>Th\u00f4ng tin chi ti\u1ebft<\/strong><\/p>\n<p><strong>N\u01b0\u1edbc t\u1ea9y r\u1eeda toilet Midori \u0111\u1eadm \u0111\u1eb7c\u00a0<\/strong>s\u1ea3n ph\u1ea9m t\u1ea9y r\u1eeda c\u1ef1c m\u1ea1nh, gi\u00fap t\u1ea9y s\u1ea1ch v\u1ebft b\u1ea9n, v\u1ebft \u1ed1 v\u00e0ng, v\u00e0 c\u00e1c m\u00f9i h\u00f4i kh\u00f3 ch\u1ecbu. l\u00e0m s\u1ea1ch b\u1ed3n c\u1ea7u nh\u00e0 b\u1ea1n mang l\u1ea1i s\u1ef1 tho\u1ea3i m\u00e1i nh\u1eb9 nh\u00e0ng<\/p>\n<p>C\u1ed5 chai \u0111\u01b0\u1ee3c thi\u1ebft k\u1ebf \u0111\u1ec3 t\u1ea9y s\u1ea1ch m\u1ecdi ng\u00f3c ng\u00e1ch trong toilet, b\u1ed3n c\u1ea7u<\/p>\n<p>Kh\u00f4ng ch\u1ec9 l\u00e0m s\u1ea1ch nhanh m\u00e0 n\u01b0\u1edbc t\u1ea9y b\u1ed3n c\u1ea7u Midori c\u00f2n gi\u00fap ng\u0103n ng\u1eeba vi khu\u1ea9n t\u00e1i thi\u1ebft m\u1ed9t c\u00e1ch hi\u1ec7u qu\u1ea3<\/p>\n<p><strong><em>H\u01b0\u1edbng d\u1eabn s\u1eed d\u1ee5ng, b\u1ea3o qu\u1ea3n:<\/em><\/strong><\/p>\n<p>&#8211; Nghi\u00eang chai v\u00e0 h\u01b0\u1edbng c\u1ed5 chai v\u1ec1 ph\u00eda tr\u01b0\u1edbc<\/p>\n<p>&#8211; M\u1edf n\u1eafp chai, gi\u1eef chai ngay ph\u00eda d\u01b0\u1edbi r\u00eca b\u1ed3n c\u1ea7u v\u00e0 x\u1ecbt v\u00f2ng quanh ho\u1eb7c b\u1ec1 m\u1eb7t c\u1ea7n t\u1ea9y r\u1eeda v\u00e0 \u0111\u1ec3 trong 15-30s, sau \u0111\u00f3 ch\u00e0 s\u1ea1ch v\u1ebft b\u1ea9n tr\u01b0\u1edbc khi x\u1ea3 n\u01b0\u1edbc<\/p>\n<p>&#8211; Kh\u00f4ng h\u00f2a chung c\u00e1c ch\u1ea5t t\u1ea9y r\u1eeda kh\u00e1c.<\/p>\n<p>&#8211; D\u00f9ng m\u1ed9t l\u01b0\u1ee3ng n\u01b0\u1edbc t\u1ea9y kho\u1ea3ng b\u1eb1ng 2 n\u1eafp chai.<\/p>\n<p>&#8211; B\u1ea3o qu\u1ea3n n\u01a1i kh\u00f4 r\u00e1o, tr\u00e1nh \u00e1nh n\u1eafng tr\u1ef1c ti\u1ebfp v\u00e0 t\u1ea7m tay tr\u1ebb em.<\/p>\n","protected":false},"excerpt":{"rendered":"<p><strong>N\u01b0\u1edbc T\u1ea9y Toilet Midori\u00a0 S\u00e1ng B\u00f3ng (1000ml)<\/strong><\/p>\n<p><strong>Th\u00f4ng tin s\u1ea3n ph\u1ea9m<\/strong><\/p>\n<table width=\"634\">\n<tbody>\n<tr>\n<td width=\"218\">Th\u01b0\u01a1ng hi\u1ec7u<\/td>\n<td width=\"424\">Midori<\/td>\n<\/tr>\n<tr>\n<td width=\"218\">Xu\u1ea5t x\u1ee9<\/td>\n<td width=\"424\">Vi\u1ec7t Nam<\/td>\n<\/tr>\n<tr>\n<td width=\"218\">Dung t\u00edch<\/td>\n<td width=\"424\">1000ml<\/td>\n<\/tr>\n<\/tbody>\n<\/table>\n","protected":false},"featured_media":390,"comment_status":"open","ping_status":"closed","template":"","meta":[],"product_cat":[21],"product_tag":[36,30,41],"class_list":{"0":"post-389","1":"product","2":"type-product","3":"status-publish","4":"has-post-thumbnail","6":"product_cat-tay-bon-cau","7":"product_tag-1l","8":"product_tag-midori","9":"product_tag-tay-bon-cau","11":"first","12":"instock","13":"shipping-taxable","14":"product-type-simple"},"_links":{"self":[{"href":"https:\/\/hoachatbachkhoa.com\/index.php?rest_route=\/wp\/v2\/product\/389","targetHints":{"allow":["GET"]}}],"collection":[{"href":"https:\/\/hoachatbachkhoa.com\/index.php?rest_route=\/wp\/v2\/product"}],"about":[{"href":"https:\/\/hoachatbachkhoa.com\/index.php?rest_route=\/wp\/v2\/types\/product"}],"replies":[{"embeddable":true,"href":"https:\/\/hoachatbachkhoa.com\/index.php?rest_route=%2Fwp%2Fv2%2Fcomments&post=389"}],"wp:featuredmedia":[{"embeddable":true,"href":"https:\/\/hoachatbachkhoa.com\/index.php?rest_route=\/wp\/v2\/media\/390"}],"wp:attachment":[{"href":"https:\/\/hoachatbachkhoa.com\/index.php?rest_route=%2Fwp%2Fv2%2Fmedia&parent=389"}],"wp:term":[{"taxonomy":"product_cat","embeddable":true,"href":"https:\/\/hoachatbachkhoa.com\/index.php?rest_route=%2Fwp%2Fv2%2Fproduct_cat&post=389"},{"taxonomy":"product_tag","embeddable":true,"href":"https:\/\/hoachatbachkhoa.com\/index.php?rest_route=%2Fwp%2Fv2%2Fproduct_tag&post=389"}],"curies":[{"name":"wp","href":"https:\/\/api.w.org\/{rel}","templated":true}]}}