{"id":387,"date":"2024-12-26T09:40:04","date_gmt":"2024-12-26T09:40:04","guid":{"rendered":"http:\/\/localhost\/wordpress\/?post_type=product&#038;p=387"},"modified":"2025-06-16T11:02:30","modified_gmt":"2025-06-16T04:02:30","slug":"nuoc-rua-chen-midori-850ml","status":"publish","type":"product","link":"https:\/\/hoachatbachkhoa.com\/?product=nuoc-rua-chen-midori-850ml","title":{"rendered":"N\u01b0\u1edbc r\u1eeda ch\u00e9n Midori 850ml"},"content":{"rendered":"<h2>Th\u00f4ng tin s\u1ea3n ph\u1ea9m<\/h2>\n<p>N\u01b0\u1edbc r\u1eeda ch\u00e9n Midori v\u1edbi c\u00f4ng ngh\u1ec7 s\u1ea3n xu\u1ea5t \u0111\u1ebfn t\u1eeb Nh\u1eadt B\u1ea3n gi\u00fap kh\u1eed m\u00f9i tanh tri\u1ec7t \u0111\u1ec3 tr\u00ean b\u00e1t \u0111\u0169a, ch\u00e9n d\u0129a c\u1ee7a b\u1ea1n ch\u1ec9 v\u1edbi 1 l\u1ea7n r\u1eeda,\u00a0n\u01b0\u1edbc r\u1eeda ch\u00e9n Midori\u00a0c\u00f2n gi\u00fap di\u1ec7t khu\u1ea9n hi\u1ec7u qu\u1ea3, l\u00e0m s\u1ea1ch th\u01a1m sang b\u00f3ng l\u00e0 th\u01b0\u01a1ng hi\u1ec7u\u00a0\u00a0y\u00eau th\u00edch c\u1ee7a h\u00e0ng ng\u00e0n ng\u01b0\u1eddi n\u1ed9i tr\u1ee3.\u00a0N\u01b0\u1edbc r\u1eeda ch\u00e9n Midori chai 850ml an to\u00e0n cho da tay ng\u01b0\u1eddi s\u1eed d\u1ee5ng chi\u1ebft xu\u1ea5t t\u1eeb h\u01b0\u01a1ng qu\u1ebf t\u01b0\u01a1i mang l\u1ea1i c\u1ea3m gi\u00e1c \u1ea5m \u00e1p v\u00e0o m\u00f9a \u0111\u00f4ng<\/p>\n<p>Th\u01b0\u01a1ng hi\u1ec7u<\/p>\n<p>Midori<\/p>\n<ul>\n<li>N\u01a1i s\u1ea3n xu\u1ea5t<\/li>\n<\/ul>\n<p>Vi\u1ec7t Nam<\/p>\n<ul>\n<li>Dung t\u00edch<\/li>\n<\/ul>\n<p>850ml<\/p>\n<ul>\n<li>B\u1ea3o qu\u1ea3n<\/li>\n<\/ul>\n<p>N\u01a1i kh\u00f4 r\u00e1o tho\u00e1ng m\u00e1t. Tr\u00e1nh ti\u1ebfp x\u00fac tr\u1ef1c ti\u1ebfp v\u1edbi \u00e1nh n\u1eafng m\u1eb7t tr\u1eddi<\/p>\n<p><strong>\u0110\u00e1nh bay d\u1ea7u m\u1ee1 nhanh h\u01a1n g\u1ea5p 5 l\u1ea7n<\/strong><\/p>\n<ul>\n<li>Chi\u1ebft xu\u1ea5t t\u1eeb qu\u1ebf t\u01b0\u01a1i \u0111\u00e1nh bay d\u1ea7u m\u1ee1 ngay c\u1ea3 tr\u00ean \u0111\u1ed3 nh\u1ef1a v\u00e0 c\u00e1c \u0111\u1ed3 s\u00e0nh s\u1ee9 c\u00f3 tr\u00e1ng men<\/li>\n<\/ul>\n<p><strong>H\u01b0\u01a1ng qu\u1ebf \u1ea5m \u00e1p<\/strong><\/p>\n<ul>\n<li>H\u01b0\u01a1ng qu\u1ebf ng\u1ecdt v\u00e0 \u1ea5m m\u00f9i th\u01a1m nh\u1eb9 .<\/li>\n<\/ul>\n<p><strong>An to\u00e0n, d\u1ecbu nh\u1eb9 v\u1edbi da tay<\/strong><\/p>\n<ul>\n<li>Th\u1eed nghi\u1ec7m v\u00e0 ch\u1ee9ng nh\u1eadn an to\u00e0n<\/li>\n<\/ul>\n<p><strong>H\u01b0\u1edbng d\u1eabn s\u1eed d\u1ee5ng:<\/strong><\/p>\n<ul>\n<li>\u0110\u1ed5 tr\u1ef1c ti\u1ebfp\u00a0n\u01b0\u1edbc r\u1eeda ch\u00e9n Midori\u00a0v\u00e0o mi\u1ebfng r\u1eeda ch\u00e9n \u0111\u00e3 \u0111\u01b0\u1ee3c th\u1ea5m n\u01b0\u1edbc.<\/li>\n<li>B\u00f3p nh\u1eb9 \u0111\u1ec3 \u0111\u1ed5 1 l\u01b0\u1ee3ng n\u01b0\u1edbc r\u1eeda ch\u00e9n nh\u1ecf ra kh\u0103n r\u1eeda<\/li>\n<li>R\u1eeda l\u1ea1i b\u1eb1ng n\u01b0\u1edbc s\u1ea1ch.<\/li>\n<\/ul>\n","protected":false},"excerpt":{"rendered":"<p>Th\u01b0\u01a1ng hi\u1ec7u<\/p>\n<p>Midori<\/p>\n<ul>\n<li>N\u01a1i s\u1ea3n xu\u1ea5t<\/li>\n<\/ul>\n<p>Vi\u1ec7t Nam<\/p>\n<ul>\n<li>Dung t\u00edch<\/li>\n<\/ul>\n<p>850ml<\/p>\n<ul>\n<li>B\u1ea3o qu\u1ea3n<\/li>\n<\/ul>\n<p>N\u01a1i kh\u00f4 r\u00e1o tho\u00e1ng m\u00e1t. Tr\u00e1nh ti\u1ebfp x\u00fac tr\u1ef1c ti\u1ebfp v\u1edbi \u00e1nh n\u1eafng m\u1eb7t tr\u1eddi<\/p>\n","protected":false},"featured_media":388,"comment_status":"open","ping_status":"closed","template":"","meta":[],"product_cat":[19],"product_tag":[40,30,33],"class_list":{"0":"post-387","1":"product","2":"type-product","3":"status-publish","4":"has-post-thumbnail","6":"product_cat-nuoc-rua-chen","7":"product_tag-850ml","8":"product_tag-midori","9":"product_tag-nuoc-rua-chen","11":"first","12":"instock","13":"shipping-taxable","14":"product-type-simple"},"_links":{"self":[{"href":"https:\/\/hoachatbachkhoa.com\/index.php?rest_route=\/wp\/v2\/product\/387","targetHints":{"allow":["GET"]}}],"collection":[{"href":"https:\/\/hoachatbachkhoa.com\/index.php?rest_route=\/wp\/v2\/product"}],"about":[{"href":"https:\/\/hoachatbachkhoa.com\/index.php?rest_route=\/wp\/v2\/types\/product"}],"replies":[{"embeddable":true,"href":"https:\/\/hoachatbachkhoa.com\/index.php?rest_route=%2Fwp%2Fv2%2Fcomments&post=387"}],"wp:featuredmedia":[{"embeddable":true,"href":"https:\/\/hoachatbachkhoa.com\/index.php?rest_route=\/wp\/v2\/media\/388"}],"wp:attachment":[{"href":"https:\/\/hoachatbachkhoa.com\/index.php?rest_route=%2Fwp%2Fv2%2Fmedia&parent=387"}],"wp:term":[{"taxonomy":"product_cat","embeddable":true,"href":"https:\/\/hoachatbachkhoa.com\/index.php?rest_route=%2Fwp%2Fv2%2Fproduct_cat&post=387"},{"taxonomy":"product_tag","embeddable":true,"href":"https:\/\/hoachatbachkhoa.com\/index.php?rest_route=%2Fwp%2Fv2%2Fproduct_tag&post=387"}],"curies":[{"name":"wp","href":"https:\/\/api.w.org\/{rel}","templated":true}]}}