{"id":382,"date":"2024-12-26T09:01:22","date_gmt":"2024-12-26T09:01:22","guid":{"rendered":"http:\/\/localhost\/wordpress\/?post_type=product&#038;p=382"},"modified":"2025-11-13T06:35:01","modified_gmt":"2025-11-12T23:35:01","slug":"nuoc-lau-san-midori-1l","status":"publish","type":"product","link":"https:\/\/hoachatbachkhoa.com\/?product=nuoc-lau-san-midori-1l","title":{"rendered":"N\u01b0\u1edbc lau s\u00e0n Midori 1L"},"content":{"rendered":"<h4>Th\u00f4ng Tin Chi Ti\u1ebft<\/h4>\n<table width=\"888\">\n<tbody>\n<tr>\n<td width=\"220\">Th\u01b0\u01a1ng hi\u1ec7u<\/td>\n<td>Midori<\/td>\n<\/tr>\n<tr>\n<td width=\"220\">Xu\u1ea5t x\u1ee9 th\u01b0\u01a1ng hi\u1ec7u<\/td>\n<td>Vi\u1ec7t Nam<\/td>\n<\/tr>\n<tr>\n<td width=\"220\">H\u1ea1n s\u1eed d\u1ee5ng<\/td>\n<td>3 n\u0103m k\u1ec3 t\u1eeb ng\u00e0y s\u1ea3n xu\u1ea5t<\/td>\n<\/tr>\n<tr>\n<td width=\"220\">Xu\u1ea5t x\u1ee9<\/td>\n<td>Vi\u1ec7t Nam<\/td>\n<\/tr>\n<tr>\n<td width=\"220\">Dung t\u00edch<\/td>\n<td>1000ml<\/td>\n<\/tr>\n<\/tbody>\n<\/table>\n<h4>M\u00f4 T\u1ea3 S\u1ea3n Ph\u1ea9m<\/h4>\n<ul>\n<li><strong>N\u01b0\u1edbc Lau S\u00e0n Midori H\u01b0\u01a1ng Hoa Thi\u00ean Nhi\u00ean 1kg<\/strong>\u00a0v\u1edbi m\u1eabu m\u00e3 m\u1edbi gi\u00fap s\u00e0n nh\u00e0 s\u1ea1ch b\u00f3ng v\u00e0 th\u01a1m m\u00e1t ch\u1ec9 v\u1edbi m\u1ed9t \u0111\u01b0\u1eddng lau<\/li>\n<li>D\u1ecbu nh\u1eb9 v\u1edbi chi\u1ebft xu\u1ea5t t\u1eeb thi\u00ean nhi\u00ean<\/li>\n<li>An to\u00e0n cho da<\/li>\n<li>Cho s\u00e0n nh\u00e0 s\u1ea1ch b\u00f3ng v\u00e0 th\u01a1m m\u00e1t, kh\u1eed s\u1ea1ch m\u00f9i kh\u00f3 ch\u1ecbu v\u1edbi h\u01b0\u01a1ng hoa thi\u00ean nhi\u00ean d\u1ecbu nh\u1eb9<\/li>\n<li>Ho\u1ea1t \u0111\u1ed9ng hi\u1ec7u qu\u1ea3 v\u1edbi m\u1ecdi lo\u1ea1i s\u00e0n, k\u1ec3 c\u1ea3 s\u00e0n g\u1ed7<\/li>\n<li>C\u00f4ng th\u1ee9c \u0111\u1ed9c \u0111\u00e1o hi\u1ec7u qu\u1ea3 c\u00f3 th\u1ec3 \u0111u\u1ed5i c\u00f4n tr\u00f9ng, kh\u00f4ng g\u00e2y h\u1ea1i cho s\u1ee9c kh\u1ecfe.<\/li>\n<li>S\u1eed d\u1ee5ng n\u01b0\u1edbc Lau s\u00e0n Midori th\u01b0\u1eddng xuy\u00ean c\u00f3 th\u1ec3 l\u00e0m cho s\u00e0n nh\u00e0 b\u1ea1n nh\u00ecn nh\u01b0 m\u1edbi v\u1edbi h\u01b0\u01a1ng th\u01a1m ng\u00e1t.<\/li>\n<li>C\u00f9ng v\u1edbi \u0111\u1ed9ng t\u00e1c lau s\u00e0n c\u1ee7a b\u1ea1n, v\u1ebft d\u01a1 s\u1ebd b\u1ecb cu\u1ed1n tr\u00f4i,\u00a0 kh\u00f4ng \u0111\u1ec3 l\u1ea1i c\u1ea3m gi\u00e1c d\u00ednh ch\u00e2n, gi\u00fap cho s\u00e0n nh\u00e0 s\u1ea1ch b\u00f3ng, v\u00e0 l\u01b0u l\u1ea1i h\u01b0\u01a1ng th\u01a1m trong nh\u00e0.<\/li>\n<\/ul>\n","protected":false},"excerpt":{"rendered":"<h4>Th\u00f4ng Tin Chi Ti\u1ebft<\/h4>\n<table width=\"888\">\n<tbody>\n<tr>\n<td width=\"220\">Th\u01b0\u01a1ng hi\u1ec7u<\/td>\n<td>Midori<\/td>\n<\/tr>\n<tr>\n<td width=\"220\">Xu\u1ea5t x\u1ee9 th\u01b0\u01a1ng hi\u1ec7u<\/td>\n<td>Vi\u1ec7t Nam<\/td>\n<\/tr>\n<tr>\n<td width=\"220\">H\u1ea1n s\u1eed d\u1ee5ng<\/td>\n<td>3 n\u0103m k\u1ec3 t\u1eeb ng\u00e0y s\u1ea3n xu\u1ea5t<\/td>\n<\/tr>\n<tr>\n<td width=\"220\">Xu\u1ea5t x\u1ee9<\/td>\n<td>Vi\u1ec7t Nam<\/td>\n<\/tr>\n<tr>\n<td width=\"220\">Dung t\u00edch<\/td>\n<td>1000ml<\/td>\n<\/tr>\n<\/tbody>\n<\/table>\n","protected":false},"featured_media":383,"comment_status":"open","ping_status":"closed","template":"","meta":[],"product_cat":[20],"product_tag":[36,30,35],"class_list":{"0":"post-382","1":"product","2":"type-product","3":"status-publish","4":"has-post-thumbnail","6":"product_cat-nuoc-lau-san","7":"product_tag-1l","8":"product_tag-midori","9":"product_tag-nuoc-lau-san","11":"first","12":"instock","13":"shipping-taxable","14":"product-type-simple"},"_links":{"self":[{"href":"https:\/\/hoachatbachkhoa.com\/index.php?rest_route=\/wp\/v2\/product\/382","targetHints":{"allow":["GET"]}}],"collection":[{"href":"https:\/\/hoachatbachkhoa.com\/index.php?rest_route=\/wp\/v2\/product"}],"about":[{"href":"https:\/\/hoachatbachkhoa.com\/index.php?rest_route=\/wp\/v2\/types\/product"}],"replies":[{"embeddable":true,"href":"https:\/\/hoachatbachkhoa.com\/index.php?rest_route=%2Fwp%2Fv2%2Fcomments&post=382"}],"wp:featuredmedia":[{"embeddable":true,"href":"https:\/\/hoachatbachkhoa.com\/index.php?rest_route=\/wp\/v2\/media\/383"}],"wp:attachment":[{"href":"https:\/\/hoachatbachkhoa.com\/index.php?rest_route=%2Fwp%2Fv2%2Fmedia&parent=382"}],"wp:term":[{"taxonomy":"product_cat","embeddable":true,"href":"https:\/\/hoachatbachkhoa.com\/index.php?rest_route=%2Fwp%2Fv2%2Fproduct_cat&post=382"},{"taxonomy":"product_tag","embeddable":true,"href":"https:\/\/hoachatbachkhoa.com\/index.php?rest_route=%2Fwp%2Fv2%2Fproduct_tag&post=382"}],"curies":[{"name":"wp","href":"https:\/\/api.w.org\/{rel}","templated":true}]}}