{"id":347,"date":"2024-12-26T06:22:44","date_gmt":"2024-12-26T06:22:44","guid":{"rendered":"http:\/\/localhost\/wordpress\/?post_type=product&#038;p=347"},"modified":"2025-12-02T21:03:40","modified_gmt":"2025-12-02T14:03:40","slug":"nuoc-giat-midori-10l","status":"publish","type":"product","link":"https:\/\/hoachatbachkhoa.com\/?product=nuoc-giat-midori-10l","title":{"rendered":"N\u01b0\u1edbc gi\u1eb7t Midori 10L"},"content":{"rendered":"<p>Midori l\u00e0 s\u1ea3n ph\u1ea9m n\u01b0\u1edbc gi\u1eb7t \u0111\u01b0\u1ee3c s\u1ea3n xu\u1ea5t tr\u00ean d\u00e2y chuy\u1ec1n c\u00f4ng ngh\u1ec7 Nh\u1eadt B\u1ea3n, gi\u00fap \u0111\u00e1nh b\u1eadt c\u00e1c v\u1ebft b\u1ea9n. V\u1edbi \u0111\u1ed9 pH trung t\u00ednh, s\u1ea3n ph\u1ea9m r\u1ea5t m\u1ec1m d\u1ecbu v\u00e0 an to\u00e0n cho l\u00e0n da v\u00e0 kh\u00f4ng l\u00e0m h\u01b0 h\u1ea1i qu\u1ea7n \u00e1o. N\u01b0\u1edbc gi\u1eb7t Midori\u00a0can l\u1edbn 10 l\u00edt d\u00f9ng ti\u1ebft ki\u1ec7m ph\u00f9 h\u1ee3p cho gia \u0111\u00ecnh c\u00f3 4-6 th\u00e0nh vi\u00ean<\/p>\n<ul>\n<li>Th\u01b0\u01a1ng hi\u1ec7u<\/li>\n<\/ul>\n<p>Midori<\/p>\n<ul>\n<li>S\u1ea3n xu\u1ea5t t\u1ea1i<\/li>\n<\/ul>\n<p>Vi\u1ec7t Nam<\/p>\n<ul>\n<li>C\u00f4ng d\u1ee5ng<\/li>\n<\/ul>\n<p>Gi\u1eb7t s\u1ea1ch c\u00e1c v\u1ebft b\u1ea9n c\u1ee9ng \u0111\u1ea7u. Ng\u0103n ch\u1eb7n c\u00e1c v\u1ebft b\u1ea9n quay tr\u1edf l\u1ea1i. Kh\u00f4ng l\u00e0m h\u01b0 h\u1ea1i qu\u1ea7n \u00e1o. L\u01b0u l\u1ea1i h\u01b0\u01a1ng th\u01a1m b\u1ec1n l\u00e2u gi\u00fap qu\u1ea7n \u00e1o lu\u00f4n th\u01a1m tho c\u1ea3 ng\u00e0y, h\u01b0\u01a1ng th\u01a1m d\u1ecbu nh\u1eb9 c\u1ea3m gi\u00e1c r\u1ea5t d\u1ec5 ch\u1ecbu v\u00e0 tho\u1ea3i m\u00e1i, mang l\u1ea1i s\u1ef1 tinh t\u1ebf khi \u0111i d\u1ef1 l\u1ec5 h\u1ed9i<\/p>\n<ul>\n<li>S\u1eed d\u1ee5ng<\/li>\n<\/ul>\n<p>Gi\u1eb7t m\u00e1y c\u1eeda tr\u00ean, gi\u1eb7t tay, gi\u1eb7t m\u00e1y c\u1eeda tr\u01b0\u1edbc<\/p>\n<ul>\n<li>Dung t\u00edch<\/li>\n<\/ul>\n<p>10 l\u00edt<\/p>\n<ul>\n<li>\u01afu \u0111i\u1ec3m<\/li>\n<\/ul>\n<p>An to\u00e0n v\u1edbi da tay kh\u00f4ng lo b\u1ecb bong tr\u00f3c ho\u1eb7c b\u1ecb ng\u1ee9a<\/p>\n<ul>\n<li>H\u01b0\u1edbng d\u1eabn s\u1eed d\u1ee5ng<\/li>\n<\/ul>\n<p>Gi\u1eb7t tay h\u00f2a \u00bd n\u1eafp chai ho\u1eb7c 50ml dung d\u1ecbch n\u01b0\u1edbc gi\u1eb7t Midori v\u1edbi 5 l\u00edt n\u01b0\u1edbc (d\u00f9ng gi\u1eb7t cho 10 b\u1ed9 qu\u1ea7n \u00e1o) &#8211; Ng\u00e2m qu\u1ea7n \u00e1o trong v\u00e0i ph\u00fat. Gi\u1eb7t l\u1ea1i v\u1edbi n\u01b0\u1edbc s\u1ea1ch. Gi\u1eb7t m\u00e1y h\u00f2a 2 n\u1eafp chai ho\u1eb7c 100ml dung d\u1ecbch n\u01b0\u1edbc gi\u1eb7t Midori v\u1edbi 8 l\u00edt n\u01b0\u1edbc trong m\u00e1y gi\u1eb7t. Ng\u00e2m qu\u1ea7n \u00e1o trong v\u00e0i ph\u00fat.sau \u0111\u00f3 h\u1eb9n gi\u1edd gi\u1eb7t, v\u1eaft kh\u00f4 r\u1ed3i l\u1ea5y ra ph\u01a1i d\u01b0\u1edbi b\u00f3ng r\u00e2m tr\u00e1nh \u00e1nh n\u1eafng tr\u1ef1c ti\u1ebfp \u0111\u1ec3 qu\u1ea7n \u00e1o \u0111\u01b0\u1ee3c b\u1ec1n l\u00e2u<\/p>\n<ul>\n<li>L\u01b0u \u00fd<\/li>\n<\/ul>\n<p>Tr\u00e1nh xa t\u1ea7m tay tr\u1ebb em<\/p>\n<ul>\n<li>B\u1ea3o qu\u1ea3n<\/li>\n<\/ul>\n<p>N\u01a1i kh\u00f4 r\u00e1o tho\u00e1ng m\u00e1t. Tr\u00e1nh ti\u1ebfp x\u00fac v\u1edbi \u00e1nh n\u1eafng tr\u1ef1c ti\u1ebfp<\/p>\n","protected":false},"excerpt":{"rendered":"<ul>\n<li>Th\u01b0\u01a1ng hi\u1ec7u : Midori<\/li>\n<\/ul>\n<ul>\n<li>S\u1ea3n xu\u1ea5t t\u1ea1i : Vi\u1ec7t Nam<\/li>\n<\/ul>\n<ul>\n<li>C\u00f4ng d\u1ee5ng : Gi\u1eb7t s\u1ea1ch c\u00e1c v\u1ebft b\u1ea9n c\u1ee9ng \u0111\u1ea7u. Ng\u0103n ch\u1eb7n c\u00e1c v\u1ebft b\u1ea9n quay tr\u1edf l\u1ea1i. Kh\u00f4ng l\u00e0m h\u01b0 h\u1ea1i qu\u1ea7n \u00e1o. L\u01b0u l\u1ea1i h\u01b0\u01a1ng th\u01a1m b\u1ec1n l\u00e2u gi\u00fap qu\u1ea7n \u00e1o lu\u00f4n th\u01a1m tho c\u1ea3 ng\u00e0y, h\u01b0\u01a1ng th\u01a1m d\u1ecbu nh\u1eb9 c\u1ea3m gi\u00e1c r\u1ea5t d\u1ec5 ch\u1ecbu v\u00e0 tho\u1ea3i m\u00e1i, mang l\u1ea1i s\u1ef1 tinh t\u1ebf khi \u0111i d\u1ef1 l\u1ec5 h\u1ed9i<\/li>\n<\/ul>\n<ul>\n<li>S\u1eed d\u1ee5ng : Gi\u1eb7t m\u00e1y c\u1eeda tr\u00ean, gi\u1eb7t tay, gi\u1eb7t m\u00e1y c\u1eeda tr\u01b0\u1edbc<\/li>\n<\/ul>\n","protected":false},"featured_media":348,"comment_status":"open","ping_status":"closed","template":"","meta":[],"product_cat":[18],"product_tag":[32,30,31],"class_list":{"0":"post-347","1":"product","2":"type-product","3":"status-publish","4":"has-post-thumbnail","6":"product_cat-nuoc-giat","7":"product_tag-japan","8":"product_tag-midori","9":"product_tag-nuoc-giat","11":"first","12":"instock","13":"shipping-taxable","14":"product-type-simple"},"_links":{"self":[{"href":"https:\/\/hoachatbachkhoa.com\/index.php?rest_route=\/wp\/v2\/product\/347","targetHints":{"allow":["GET"]}}],"collection":[{"href":"https:\/\/hoachatbachkhoa.com\/index.php?rest_route=\/wp\/v2\/product"}],"about":[{"href":"https:\/\/hoachatbachkhoa.com\/index.php?rest_route=\/wp\/v2\/types\/product"}],"replies":[{"embeddable":true,"href":"https:\/\/hoachatbachkhoa.com\/index.php?rest_route=%2Fwp%2Fv2%2Fcomments&post=347"}],"wp:featuredmedia":[{"embeddable":true,"href":"https:\/\/hoachatbachkhoa.com\/index.php?rest_route=\/wp\/v2\/media\/348"}],"wp:attachment":[{"href":"https:\/\/hoachatbachkhoa.com\/index.php?rest_route=%2Fwp%2Fv2%2Fmedia&parent=347"}],"wp:term":[{"taxonomy":"product_cat","embeddable":true,"href":"https:\/\/hoachatbachkhoa.com\/index.php?rest_route=%2Fwp%2Fv2%2Fproduct_cat&post=347"},{"taxonomy":"product_tag","embeddable":true,"href":"https:\/\/hoachatbachkhoa.com\/index.php?rest_route=%2Fwp%2Fv2%2Fproduct_tag&post=347"}],"curies":[{"name":"wp","href":"https:\/\/api.w.org\/{rel}","templated":true}]}}