{"id":242,"date":"2024-12-25T12:55:41","date_gmt":"2024-12-25T12:55:41","guid":{"rendered":"http:\/\/localhost\/wordpress\/?page_id=242"},"modified":"2025-01-03T16:59:32","modified_gmt":"2025-01-03T09:59:32","slug":"gioi-thieu","status":"publish","type":"page","link":"https:\/\/hoachatbachkhoa.com\/?page_id=242","title":{"rendered":"Gi\u1edbi Thi\u1ec7u"},"content":{"rendered":"<!DOCTYPE html>\n<html lang=\"vi\">\n<head>\n    <meta charset=\"UTF-8\">\n    <meta name=\"viewport\" content=\"width=device-width, initial-scale=1.0\">\n    <title>Gi\u1edbi Thi\u1ec7u C\u00f4ng Ty TNHH B\u00e1ch Khoa T&#038;D<\/title>\n    <style>\n        \/* CSS Reset *\/\n        html, body, div, span, applet, object, iframe,\n        h1, h2, h3, h4, h5, h6, p, blockquote, pre,\n        a, abbr, acronym, address, big, cite, code,\n        del, dfn, em, img, ins, kbd, q, s, samp,\n        small, strike, strong, sub, sup, tt, var,\n        b, u, i, center,\n        dl, dt, dd, ol, ul, li,\n        fieldset, form, label, legend,\n        table, caption, tbody, tfoot, thead, tr, th, td,\n        article, aside, canvas, details, embed,\n        figure, figcaption, footer, header, hgroup,\n        menu, nav, output, ruby, section, summary,\n        time, mark, audio, video {\n            margin: 0;\n            padding: 0;\n            border: 0;\n            font-size: 100%;\n            font: inherit;\n            vertical-align: baseline;\n        }\n        article, aside, details, figcaption, figure,\n        footer, header, hgroup, menu, nav, section {\n            display: block;\n        }\n        body {\n            line-height: 1;\n        }\n        ol, ul {\n            list-style: none;\n        }\n        blockquote, q {\n            quotes: none;\n        }\n        blockquote:before, blockquote:after,\n        q:before, q:after {\n            content: '';\n            content: none;\n        }\n        table {\n            border-collapse: collapse;\n            border-spacing: 0;\n        }\n\n        body {\n            font-family: 'Arial', sans-serif;\n            line-height: 1.7;\n            margin: 0;\n            padding: 0;\n            background-color: #f9f9f9;\n            color: #333;\n        }\n        .td-container {\n            max-width: 960px;\n            margin: 40px auto;\n            padding: 30px;\n            background-color: #ffffff;\n            border-radius: 12px;\n            box-shadow: 0 8px 20px rgba(0, 0, 0, 0.1);\n        }\n        .td-container h1 {\n            text-align: center;\n            color: #2c3e50;\n            margin-bottom: 30px;\n            border-bottom: 2px solid #eee;\n            padding-bottom: 15px;\n            font-weight: bold;\n            font-size: 2.5em;\n            letter-spacing: 1px;\n        }\n        .td-container h2 {\n            color: #2c3e50;\n            margin-top: 30px;\n            border-bottom: 1.5px solid #eee;\n            padding-bottom: 5px;\n            font-weight: bold;\n            font-size: 2em;\n            letter-spacing: 0.8px;\n        }\n        .td-container h3 {\n            color: #2c3e50;\n            margin-top: 20px;\n            font-weight: bold;\n            font-size: 1.6em;\n            letter-spacing: 0.5px;\n        }\n        .td-container p {\n            color: #555;\n            margin-bottom: 20px;\n        }\n        .td-text-center {\n            text-align: center;\n        }\n        .td-text-left {\n            text-align: left;\n        }\n        .td-ul {\n            list-style-type: disc;\n            margin-left: 20px;\n            margin-bottom: 20px;\n        }\n        .td-image-section {\n            display: flex;\n            justify-content: center;\n            margin-top: 20px;\n            margin-bottom: 30px;\n        }\n        .td-image-section img {\n            max-width: 70%;\n            height: auto;\n            border-radius: 8px;\n            box-shadow: 0 4px 10px rgba(0, 0, 0, 0.1);\n        }\n        .td-company-info {\n            margin-top: 20px;\n            border-top: 1.5px solid #eee;\n            padding-top: 20px;\n        }\n         .td-company-info p {\n            margin-bottom: 10px;\n        }\n        .td-mission-section, .td-vision-section {\n            margin-top: 30px;\n        }\n         .td-highlight-text {\n            font-weight: bold;\n            color: #3498db;\n        }\n        .td-products-section ul li {\n            margin-bottom: 10px;\n        }\n        .td-values-section {\n          margin-top: 30px;\n        }\n         .td-values-section h3 {\n          text-align: center;\n          margin-bottom: 20px;\n         }\n         .td-values-section ul {\n             display: flex;\n             flex-wrap: wrap;\n             justify-content: space-around;\n             list-style: none;\n              padding: 0;\n        }\n       .td-values-section ul li {\n            background-color: #ecf0f1;\n            padding: 20px;\n            border-radius: 8px;\n            margin: 10px;\n            text-align: center;\n            width: calc(25% - 20px);\n             min-width: 150px;\n        }\n        .td-product-images {\n            display: flex;\n            flex-wrap: wrap;\n            justify-content: space-around;\n            margin-top: 30px;\n        }\n        .td-product-image {\n           flex: 0 0 calc(30% - 20px);\n           margin: 10px;\n           text-align: center;\n            border-radius: 8px;\n           overflow: hidden;\n           box-shadow: 0 4px 8px rgba(0, 0, 0, 0.1);\n        }\n         .td-product-image img {\n           max-width: 100%;\n           height: auto;\n           display: block;\n         }\n        @media (max-width: 768px) {\n            .td-container {\n                padding: 15px;\n            }\n             .td-values-section ul li {\n                 width: calc(50% - 20px);\n            }\n            .td-image-section img {\n                max-width: 100%;\n            }\n            .td-product-image {\n              flex: 0 0 calc(45% - 20px);\n            }\n       }\n       @media (max-width: 480px) {\n           .td-values-section ul li {\n            width: 100%;\n           }\n            .td-product-image {\n                 flex: 0 0 calc(100% - 20px);\n            }\n       }\n    <\/style>\n<\/head>\n<body>\n    <div class=\"td-container\">\n        <h1>C\u00f4ng Ty TNHH B\u00e1ch Khoa T&#038;D<\/h1>\n\n         <div class=\"td-image-section\">\n          <img decoding=\"async\" src=\"https:\/\/hoachatbachkhoa.com\/wp-content\/uploads\/2024\/12\/Thiet-ke-chua-co-ten-16.png\" alt=\"H\u00ecnh \u1ea3nh c\u00f4ng ty\" \/>\n        <\/div>\n\n        <h2>Gi\u1edbi Thi\u1ec7u Chung<\/h2>\n        <p>\n            C\u00f4ng ty TNHH B\u00e1ch Khoa T&#038;D l\u00e0 m\u1ed9t doanh nghi\u1ec7p tr\u1ebb, \u0111\u1ea7y nhi\u1ec7t huy\u1ebft v\u00e0 kh\u00e1t v\u1ecdng, \u0111\u01b0\u1ee3c th\u00e0nh l\u1eadp v\u00e0o n\u0103m 2018. V\u1edbi 7 n\u0103m kinh nghi\u1ec7m ho\u1ea1t \u0111\u1ed9ng trong l\u0129nh v\u1ef1c s\u1ea3n xu\u1ea5t v\u00e0 kinh doanh c\u00e1c s\u1ea3n ph\u1ea9m h\u00f3a ch\u1ea5t ph\u1ee5c v\u1ee5 ng\u00e0nh gi\u1eb7t l\u00e0, ch\u00fang t\u00f4i t\u1ef1 h\u00e0o l\u00e0 \u0111\u1ed1i t\u00e1c tin c\u1eady c\u1ee7a nhi\u1ec1u doanh nghi\u1ec7p v\u00e0 h\u1ed9 gia \u0111\u00ecnh. Ch\u00fang t\u00f4i lu\u00f4n n\u1ed7 l\u1ef1c kh\u00f4ng ng\u1eebng \u0111\u1ec3 mang \u0111\u1ebfn cho kh\u00e1ch h\u00e0ng nh\u1eefng s\u1ea3n ph\u1ea9m ch\u1ea5t l\u01b0\u1ee3ng cao, hi\u1ec7u qu\u1ea3 v\u01b0\u1ee3t tr\u1ed9i, \u0111\u1ed3ng th\u1eddi \u0111\u1ea3m b\u1ea3o an to\u00e0n v\u00e0 th\u00e2n thi\u1ec7n v\u1edbi m\u00f4i tr\u01b0\u1eddng.\n        <\/p>\n\n       <h2>L\u0129nh V\u1ef1c Ho\u1ea1t \u0110\u1ed9ng<\/h2>\n        <div class=\"td-products-section\">\n            <p>\n                Ch\u00fang t\u00f4i chuy\u00ean s\u1ea3n xu\u1ea5t v\u00e0 cung c\u1ea5p m\u1ed9t lo\u1ea1t c\u00e1c s\u1ea3n ph\u1ea9m h\u00f3a ch\u1ea5t cho ng\u00e0nh gi\u1eb7t l\u00e0, bao g\u1ed3m:\n            <\/p>\n            <ul class=\"td-ul\">\n               <li><span class=\"td-highlight-text\">N\u01b0\u1edbc gi\u1eb7t:<\/span> S\u1ea3n ph\u1ea9m \u0111a d\u1ea1ng, t\u1eeb n\u01b0\u1edbc gi\u1eb7t th\u00f4ng th\u01b0\u1eddng \u0111\u1ebfn n\u01b0\u1edbc gi\u1eb7t chuy\u00ean d\u1ee5ng cho t\u1eebng lo\u1ea1i v\u1ea3i v\u00e0 v\u1ebft b\u1ea9n kh\u00e1c nhau.<\/li>\n                <li><span class=\"td-highlight-text\">N\u01b0\u1edbc x\u1ea3:<\/span> Gi\u00fap l\u00e0m m\u1ec1m v\u1ea3i, mang l\u1ea1i h\u01b0\u01a1ng th\u01a1m d\u1ec5 ch\u1ecbu v\u00e0 gi\u1ea3m t\u0129nh \u0111i\u1ec7n.<\/li>\n                <li><span class=\"td-highlight-text\">N\u01b0\u1edbc lau k\u00ednh:<\/span> \u0110\u1ea3m b\u1ea3o b\u1ec1 m\u1eb7t k\u00ednh lu\u00f4n s\u1ea1ch b\u00f3ng, kh\u00f4ng \u0111\u1ec3 l\u1ea1i v\u1ec7t.<\/li>\n                <li><span class=\"td-highlight-text\">T\u1ea9y b\u1ed3n c\u1ea7u:<\/span> Kh\u1eed tr\u00f9ng, t\u1ea9y s\u1ea1ch c\u00e1c v\u1ebft b\u1ea9n c\u1ee9ng \u0111\u1ea7u v\u00e0 mang l\u1ea1i s\u1ef1 s\u00e1ng b\u00f3ng cho b\u1ed3n c\u1ea7u.<\/li>\n                 <li><span class=\"td-highlight-text\">X\u1ecbt th\u01a1m qu\u1ea7n \u00e1o:<\/span> Mang l\u1ea1i h\u01b0\u01a1ng th\u01a1m t\u01b0\u01a1i m\u00e1t, t\u1ef1 tin su\u1ed1t ng\u00e0y d\u00e0i.<\/li>\n                 <li><span class=\"td-highlight-text\">V\u00e0 nhi\u1ec1u s\u1ea3n ph\u1ea9m h\u00f3a ch\u1ea5t kh\u00e1c:<\/span> Ch\u00fang t\u00f4i kh\u00f4ng ng\u1eebng nghi\u00ean c\u1ee9u v\u00e0 ph\u00e1t tri\u1ec3n \u0111\u1ec3 \u0111\u00e1p \u1ee9ng \u0111a d\u1ea1ng nhu c\u1ea7u c\u1ee7a kh\u00e1ch h\u00e0ng.<\/li>\n            <\/ul>\n       <\/div>\n       <div class=\"td-mission-section\">\n           <h2>S\u1ee9 M\u1ec7nh<\/h2>\n            <p>\n                S\u1ee9 m\u1ec7nh c\u1ee7a B\u00e1ch Khoa T&#038;D l\u00e0 cung c\u1ea5p c\u00e1c gi\u1ea3i ph\u00e1p h\u00f3a ch\u1ea5t hi\u1ec7u qu\u1ea3, an to\u00e0n, v\u00e0 th\u00e2n thi\u1ec7n v\u1edbi m\u00f4i tr\u01b0\u1eddng, g\u00f3p ph\u1ea7n n\u00e2ng cao ch\u1ea5t l\u01b0\u1ee3ng cu\u1ed9c s\u1ed1ng v\u00e0 mang l\u1ea1i s\u1ef1 ti\u1ec7n nghi cho ng\u01b0\u1eddi ti\u00eau d\u00f9ng.\n            <\/p>\n       <\/div>\n       <div class=\"td-vision-section\">\n           <h2>T\u1ea7m Nh\u00ecn<\/h2>\n            <p>\n               Ch\u00fang t\u00f4i h\u01b0\u1edbng \u0111\u1ebfn tr\u1edf th\u00e0nh m\u1ed9t trong nh\u1eefng c\u00f4ng ty h\u00e0ng \u0111\u1ea7u t\u1ea1i Vi\u1ec7t Nam trong l\u0129nh v\u1ef1c s\u1ea3n xu\u1ea5t v\u00e0 cung c\u1ea5p h\u00f3a ch\u1ea5t ng\u00e0nh gi\u1eb7t l\u00e0, \u0111\u01b0\u1ee3c kh\u00e1ch h\u00e0ng tin y\u00eau v\u00e0 l\u1ef1a ch\u1ecdn h\u00e0ng \u0111\u1ea7u.\n            <\/p>\n        <\/div>\n        <div class=\"td-product-images\">\n           <div class=\"td-product-image\">\n                <img decoding=\"async\" src=\"https:\/\/hoachatbachkhoa.com\/wp-content\/uploads\/2024\/12\/Thiet-ke-chua-co-ten-15.png\" alt=\"N\u01b0\u1edbc r\u1eeda ch\u00e9n\"\/>\n            <\/div>\n           <div class=\"td-product-image\">\n                <img decoding=\"async\" src=\"https:\/\/hoachatbachkhoa.com\/wp-content\/uploads\/2024\/12\/Thiet-ke-chua-co-ten-14.png\" alt=\"N\u01b0\u1edbc x\u1ea3\"\/>\n            <\/div>\n            <div class=\"td-product-image\">\n                <img decoding=\"async\" src=\"https:\/\/hoachatbachkhoa.com\/wp-content\/uploads\/2024\/12\/Thiet-ke-chua-co-ten-13.png\" alt=\"N\u01b0\u1edbc lau k\u00ednh\"\/>\n             <\/div>\n            <div class=\"td-product-image\">\n                 <img decoding=\"async\" src=\"https:\/\/hoachatbachkhoa.com\/wp-content\/uploads\/2024\/12\/Thiet-ke-chua-co-ten-12.png\" alt=\"T\u1ea9y b\u1ed3n c\u1ea7u\"\/>\n           <\/div>\n           <div class=\"td-product-image\">\n                 <img decoding=\"async\" src=\"https:\/\/hoachatbachkhoa.com\/wp-content\/uploads\/2024\/12\/Thiet-ke-chua-co-ten-11.png\" alt=\"X\u1ecbt th\u01a1m qu\u1ea7n \u00e1o\"\/>\n           <\/div>\n            <div class=\"td-product-image\">\n                <img decoding=\"async\" src=\"https:\/\/hoachatbachkhoa.com\/wp-content\/uploads\/2024\/12\/Thiet-ke-chua-co-ten-10.png\" alt=\"N\u01b0\u1edbc gi\u1eb7t\"\/>\n            <\/div>\n        <\/div>\n        <div class=\"td-values-section\">\n             <h3>Gi\u00e1 Tr\u1ecb C\u1ed1t L\u00f5i<\/h3>\n             <ul>\n                 <li><strong>Ch\u1ea5t L\u01b0\u1ee3ng:<\/strong> Cam k\u1ebft mang \u0111\u1ebfn nh\u1eefng s\u1ea3n ph\u1ea9m ch\u1ea5t l\u01b0\u1ee3ng cao nh\u1ea5t.<\/li>\n                <li><strong>S\u00e1ng T\u1ea1o:<\/strong> Kh\u00f4ng ng\u1eebng c\u1ea3i ti\u1ebfn v\u00e0 \u0111\u1ed5i m\u1edbi s\u1ea3n ph\u1ea9m.<\/li>\n                <li><strong>Uy T\u00edn:<\/strong> X\u00e2y d\u1ef1ng m\u1ed1i quan h\u1ec7 tin c\u1eady v\u1edbi kh\u00e1ch h\u00e0ng v\u00e0 \u0111\u1ed1i t\u00e1c.<\/li>\n                 <li><strong>Tr\u00e1ch Nhi\u1ec7m:<\/strong> \u0110\u1ea3m b\u1ea3o an to\u00e0n cho ng\u01b0\u1eddi s\u1eed d\u1ee5ng v\u00e0 b\u1ea3o v\u1ec7 m\u00f4i tr\u01b0\u1eddng.<\/li>\n                 <li><strong>T\u1eadn T\u00e2m:<\/strong> Lu\u00f4n l\u1eafng nghe v\u00e0 ph\u1ee5c v\u1ee5 kh\u00e1ch h\u00e0ng m\u1ed9t c\u00e1ch t\u1ed1t nh\u1ea5t.<\/li>\n            <\/ul>\n        <\/div>\n         <div class=\"td-company-info\">\n            <h2>Th\u00f4ng Tin C\u00f4ng Ty<\/h2>\n            <p><strong>T\u00ean c\u00f4ng ty:<\/strong> C\u00f4ng Ty TNHH B\u00e1ch Khoa T&#038;D<\/p>\n           <p><strong>L\u0129nh v\u1ef1c ho\u1ea1t \u0111\u1ed9ng:<\/strong> S\u1ea3n xu\u1ea5t v\u00e0 kinh doanh h\u00f3a ch\u1ea5t ng\u00e0nh gi\u1eb7t l\u00e0<\/p>\n           <p><strong>N\u0103m th\u00e0nh l\u1eadp:<\/strong> 2018<\/p>\n            <p><strong>Kinh nghi\u1ec7m:<\/strong> 7 n\u0103m ho\u1ea1t \u0111\u1ed9ng<\/p>\n             <p><strong>\u0110\u1ecba ch\u1ec9:<\/strong> KCN Thu\u1eadn Th\u00e0nh &#8211; Th\u1ecb X\u00e3 Thu\u1eadn Th\u00e0nh &#8211; T\u1ec9nh B\u1eafc Ninh <\/p>\n             <p><strong>S\u1ed1 \u0111i\u1ec7n tho\u1ea1i:<\/strong> 0971.505.688 <\/p>\n             <p><strong>Email:<\/strong>nhantuan.utehy@gmail.com<\/p>\n        <\/div>\n    <\/div>\n<\/body>\n<\/html>","protected":false},"excerpt":{"rendered":"<p>Gi\u1edbi Thi\u1ec7u C\u00f4ng Ty TNHH B\u00e1ch Khoa T&#038;D C\u00f4ng Ty TNHH B\u00e1ch Khoa T&#038;D Gi\u1edbi Thi\u1ec7u Chung C\u00f4ng ty TNHH B\u00e1ch Khoa T&#038;D l\u00e0 m\u1ed9t doanh nghi\u1ec7p tr\u1ebb, \u0111\u1ea7y nhi\u1ec7t huy\u1ebft v\u00e0 kh\u00e1t v\u1ecdng, \u0111\u01b0\u1ee3c th\u00e0nh l\u1eadp v\u00e0o n\u0103m 2018. V\u1edbi 7 n\u0103m kinh nghi\u1ec7m ho\u1ea1t \u0111\u1ed9ng trong l\u0129nh v\u1ef1c s\u1ea3n xu\u1ea5t v\u00e0 kinh doanh [&#8230;]\n","protected":false},"author":1,"featured_media":0,"parent":0,"menu_order":0,"comment_status":"closed","ping_status":"closed","template":"","meta":{"footnotes":""},"class_list":["post-242","page","type-page","status-publish","hentry"],"_links":{"self":[{"href":"https:\/\/hoachatbachkhoa.com\/index.php?rest_route=\/wp\/v2\/pages\/242","targetHints":{"allow":["GET"]}}],"collection":[{"href":"https:\/\/hoachatbachkhoa.com\/index.php?rest_route=\/wp\/v2\/pages"}],"about":[{"href":"https:\/\/hoachatbachkhoa.com\/index.php?rest_route=\/wp\/v2\/types\/page"}],"author":[{"embeddable":true,"href":"https:\/\/hoachatbachkhoa.com\/index.php?rest_route=\/wp\/v2\/users\/1"}],"replies":[{"embeddable":true,"href":"https:\/\/hoachatbachkhoa.com\/index.php?rest_route=%2Fwp%2Fv2%2Fcomments&post=242"}],"version-history":[{"count":10,"href":"https:\/\/hoachatbachkhoa.com\/index.php?rest_route=\/wp\/v2\/pages\/242\/revisions"}],"predecessor-version":[{"id":609,"href":"https:\/\/hoachatbachkhoa.com\/index.php?rest_route=\/wp\/v2\/pages\/242\/revisions\/609"}],"wp:attachment":[{"href":"https:\/\/hoachatbachkhoa.com\/index.php?rest_route=%2Fwp%2Fv2%2Fmedia&parent=242"}],"curies":[{"name":"wp","href":"https:\/\/api.w.org\/{rel}","templated":true}]}}